{"id":197,"date":"2019-04-08T09:40:50","date_gmt":"2019-04-08T09:40:50","guid":{"rendered":"http:\/\/wve.edu.khomaudeprt.com\/?page_id=197"},"modified":"2021-09-08T00:22:48","modified_gmt":"2021-09-08T00:22:48","slug":"lien-he","status":"publish","type":"page","link":"http:\/\/kho3.khomaudeprt.com\/mocchau\/?page_id=197","title":{"rendered":"Li\u00ean h\u1ec7"},"content":{"rendered":"<div class=\"row row-collapse align-middle align-center\"  id=\"row-2095927778\">\n\n\t<div id=\"col-1605882267\" class=\"col medium-6 small-12 large-6\"  >\n\t\t\t\t<div class=\"col-inner text-center\"  >\n\t\t\t\n\t\t\t\n\t<section class=\"section dark\" id=\"section_1154795946\">\n\t\t<div class=\"bg section-bg fill bg-fill  \" >\n\n\t\t\t\n\t\t\t<div class=\"section-bg-overlay absolute fill\"><\/div>\n\t\t\t\n\t<div class=\"is-border\"\n\t\tstyle=\"border-width:0px 0px 0px 0px;\">\n\t<\/div>\n\n\t\t<\/div>\n\n\t\t\n\n\t\t<div class=\"section-content relative\">\n\t\t\t\n\t<div id=\"gap-1922893627\" class=\"gap-element clearfix\" style=\"display:block; height:auto;\">\n\t\t\n<style>\n#gap-1922893627 {\n  padding-top: 51px;\n}\n<\/style>\n\t<\/div>\n\t\n<div class=\"row\"  id=\"row-182591995\">\n\n\t<div id=\"col-404998178\" class=\"col small-12 large-12\"  >\n\t\t\t\t<div class=\"col-inner text-left dark\"  >\n\t\t\t\n\t\t\t\n<h3><span style=\"font-size: 110%;\">Li\u00ean h\u1ec7<\/span><\/h3>\n\t<div id=\"gap-1183327827\" class=\"gap-element clearfix\" style=\"display:block; height:auto;\">\n\t\t\n<style>\n#gap-1183327827 {\n  padding-top: 10px;\n}\n<\/style>\n\t<\/div>\n\t\n\n<div class=\"wpcf7 no-js\" id=\"wpcf7-f7-o1\" lang=\"vi\" dir=\"ltr\">\n<div class=\"screen-reader-response\"><p role=\"status\" aria-live=\"polite\" aria-atomic=\"true\"><\/p> <ul><\/ul><\/div>\n<form action=\"\/mocchau\/index.php?rest_route=%2Fwp%2Fv2%2Fpages%2F197#wpcf7-f7-o1\" method=\"post\" class=\"wpcf7-form init\" aria-label=\"Contact form\" novalidate=\"novalidate\" data-status=\"init\">\n<div style=\"display: none;\">\n<input type=\"hidden\" name=\"_wpcf7\" value=\"7\" \/>\n<input type=\"hidden\" name=\"_wpcf7_version\" value=\"5.7.3\" \/>\n<input type=\"hidden\" name=\"_wpcf7_locale\" value=\"vi\" \/>\n<input type=\"hidden\" name=\"_wpcf7_unit_tag\" value=\"wpcf7-f7-o1\" \/>\n<input type=\"hidden\" name=\"_wpcf7_container_post\" value=\"0\" \/>\n<input type=\"hidden\" name=\"_wpcf7_posted_data_hash\" value=\"\" \/>\n<\/div>\n<p><label> T\u00ean c\u1ee7a b\u1ea1n (b\u1eaft bu\u1ed9c)<br \/>\n<span class=\"wpcf7-form-control-wrap\" data-name=\"your-name\"><input size=\"40\" class=\"wpcf7-form-control wpcf7-text wpcf7-validates-as-required\" aria-required=\"true\" aria-invalid=\"false\" value=\"\" type=\"text\" name=\"your-name\" \/><\/span> <\/label>\n<\/p>\n<p><label> \u0110\u1ecba ch\u1ec9 Email (b\u1eaft bu\u1ed9c)<br \/>\n<span class=\"wpcf7-form-control-wrap\" data-name=\"your-email\"><input size=\"40\" class=\"wpcf7-form-control wpcf7-text wpcf7-email wpcf7-validates-as-required wpcf7-validates-as-email\" aria-required=\"true\" aria-invalid=\"false\" value=\"\" type=\"email\" name=\"your-email\" \/><\/span> <\/label>\n<\/p>\n<p><label> Ti\u00eau \u0111\u1ec1:<br \/>\n<span class=\"wpcf7-form-control-wrap\" data-name=\"your-subject\"><input size=\"40\" class=\"wpcf7-form-control wpcf7-text\" aria-invalid=\"false\" value=\"\" type=\"text\" name=\"your-subject\" \/><\/span> <\/label>\n<\/p>\n<p><label> Th\u00f4ng \u0111i\u1ec7p<br \/>\n<span class=\"wpcf7-form-control-wrap\" data-name=\"your-message\"><textarea cols=\"40\" rows=\"10\" class=\"wpcf7-form-control wpcf7-textarea\" aria-invalid=\"false\" name=\"your-message\"><\/textarea><\/span> <\/label>\n<\/p>\n<p><input class=\"wpcf7-form-control has-spinner wpcf7-submit\" type=\"submit\" value=\"G\u1eedi \u0111i\" \/>\n<\/p><div class=\"wpcf7-response-output\" aria-hidden=\"true\"><\/div>\n<\/form>\n<\/div>\n\n\t\t<\/div>\n\t\t\t\t\t<\/div>\n\n\t\n\n<style>\n#row-182591995 > .col > .col-inner {\n  padding: 0px 55px 0px 55px;\n}\n<\/style>\n<\/div>\n\t\t<\/div>\n\n\t\t\n<style>\n#section_1154795946 {\n  padding-top: 22px;\n  padding-bottom: 22px;\n}\n#section_1154795946 .section-bg-overlay {\n  background-color: rgba(48, 68, 85, 0.74);\n}\n#section_1154795946 .section-bg.bg-loaded {\n  background-image: 199;\n}\n#section_1154795946 .ux-shape-divider--top svg {\n  height: 150px;\n  --divider-top-width: 100%;\n}\n#section_1154795946 .ux-shape-divider--bottom svg {\n  height: 150px;\n  --divider-width: 100%;\n}\n<\/style>\n\t<\/section>\n\t\n\t\t<\/div>\n\t\t\t\t\t<\/div>\n\n\t\n\n\t<div id=\"col-1591213249\" class=\"col medium-6 small-12 large-6\"  >\n\t\t\t\t<div class=\"col-inner\"  >\n\t\t\t\n\t\t\t\n\n  <div class=\"banner has-hover\" id=\"banner-1172877358\">\n          <div class=\"banner-inner fill\">\n        <div class=\"banner-bg fill\" >\n            <div class=\"bg fill bg-fill \"><\/div>\n                                    \n                    <\/div>\n\t\t\n        <div class=\"banner-layers container\">\n            <div class=\"fill banner-link\"><\/div>            \n   <div id=\"text-box-1875265\" class=\"text-box banner-layer x50 md-x50 lg-x50 y50 md-y50 lg-y50 res-text\">\n                                <div class=\"text-box-content text dark\">\n              \n              <div class=\"text-inner text-center\">\n                  \n<h2><span style=\"font-size: 95%;\">M\u1ed9c Ch\u00e2u Littlestar<\/span><\/h2>\n<p><span>Ph\u01b0\u01a1ng ph\u00e1p gi\u00e1o d\u1ee5c M\u1ed9c Ch\u00e2u Littlestar t\u1ea1o ra nhi\u1ec1u c\u01a1 h\u1ed9i cho s\u1ef1 ph\u00e1t tri\u1ec3n ti\u1ec1m n\u0103ng c\u1ee7a tr\u1ebb khi ch\u00fang \u0111ang t\u1eebng b\u01b0\u1edbc b\u01b0\u1edbc ra th\u1ebf gi\u1edbi nh\u01b0 nh\u1eefng c\u00f4ng d\u00e2n c\u00f3 th\u1ea9m quy\u1ec1n, c\u00f3 tr\u00e1ch nhi\u1ec7m v\u00e0 s\u1ef1 t\u00f4n tr\u1ecdng v\u1edbi s\u1ef1 hi\u1ec3u bi\u1ebft v\u00e0 nh\u1eadn th\u1ee9c \u0111\u01b0\u1ee3c r\u1eb1ng h\u1ecdc t\u1eadp l\u00e0 ph\u1ee5c v\u1ee5 cho cu\u1ed9c s\u1ed1ng.<\/span><\/p>\n<div class=\"social-icons follow-icons\" style=\"font-size:127%\"><a href=\"https:\/\/www.facebook.com\/WestviewHN\/\" target=\"_blank\" data-label=\"Facebook\" rel=\"noopener noreferrer nofollow\" class=\"icon button circle is-outline facebook tooltip\" title=\"Follow on Facebook\" aria-label=\"Follow on Facebook\"><i class=\"icon-facebook\" ><\/i><\/a><a href=\"X\" target=\"_blank\" rel=\"noopener noreferrer nofollow\" data-label=\"Instagram\" class=\"icon button circle is-outline  instagram tooltip\" title=\"Follow on Instagram\" aria-label=\"Follow on Instagram\"><i class=\"icon-instagram\" ><\/i><\/a><a href=\"X\" target=\"_blank\" data-label=\"Twitter\" rel=\"noopener noreferrer nofollow\" class=\"icon button circle is-outline  twitter tooltip\" title=\"Follow on Twitter\" aria-label=\"Follow on Twitter\"><i class=\"icon-twitter\" ><\/i><\/a><a href=\"mailto:https:\/\/mail.google.com\/mail\/u\/0\/#inbox\" data-label=\"E-mail\" rel=\"nofollow\" class=\"icon button circle is-outline  email tooltip\" title=\"Send us an email\" aria-label=\"Send us an email\"><i class=\"icon-envelop\" ><\/i><\/a><a href=\"X\" target=\"_blank\" rel=\"noopener noreferrer nofollow\" data-label=\"LinkedIn\" class=\"icon button circle is-outline  linkedin tooltip\" title=\"Follow on LinkedIn\" aria-label=\"Follow on LinkedIn\"><i class=\"icon-linkedin\" ><\/i><\/a><\/div>\n              <\/div>\n           <\/div>\n                            \n<style>\n#text-box-1875265 {\n  width: 60%;\n}\n#text-box-1875265 .text-box-content {\n  font-size: 100%;\n}\n<\/style>\n    <\/div>\n \n        <\/div>\n      <\/div>\n\n            \n<style>\n#banner-1172877358 {\n  padding-top: 113%;\n  background-color: rgb(48, 68, 85);\n}\n#banner-1172877358 .ux-shape-divider--top svg {\n  height: 150px;\n  --divider-top-width: 100%;\n}\n#banner-1172877358 .ux-shape-divider--bottom svg {\n  height: 150px;\n  --divider-width: 100%;\n}\n<\/style>\n  <\/div>\n\n\n\t\t<\/div>\n\t\t\t\t\t<\/div>\n\n\t\n<\/div>\n","protected":false},"excerpt":{"rendered":"","protected":false},"author":1,"featured_media":0,"parent":0,"menu_order":0,"comment_status":"closed","ping_status":"closed","template":"","meta":[],"yoast_head":"<!-- This site is optimized with the Yoast SEO plugin v20.1 - https:\/\/yoast.com\/wordpress\/plugins\/seo\/ -->\n<title>Li\u00ean h\u1ec7 - Tr\u01b0\u1eddng h\u1ecdc RT<\/title>\n<meta name=\"robots\" content=\"index, follow, max-snippet:-1, max-image-preview:large, max-video-preview:-1\" \/>\n<link rel=\"canonical\" href=\"http:\/\/kho3.khomaudeprt.com\/mocchau\/?page_id=197\" \/>\n<meta property=\"og:locale\" content=\"vi_VN\" \/>\n<meta property=\"og:type\" content=\"article\" \/>\n<meta property=\"og:title\" content=\"Li\u00ean h\u1ec7 - Tr\u01b0\u1eddng h\u1ecdc RT\" \/>\n<meta property=\"og:url\" content=\"http:\/\/kho3.khomaudeprt.com\/mocchau\/?page_id=197\" \/>\n<meta property=\"og:site_name\" content=\"Tr\u01b0\u1eddng h\u1ecdc RT\" \/>\n<meta property=\"article:modified_time\" content=\"2021-09-08T00:22:48+00:00\" \/>\n<meta name=\"twitter:card\" content=\"summary_large_image\" \/>\n<meta name=\"twitter:label1\" content=\"\u01af\u1edbc t\u00ednh th\u1eddi gian \u0111\u1ecdc\" \/>\n\t<meta name=\"twitter:data1\" content=\"1 ph\u00fat\" \/>\n<script type=\"application\/ld+json\" class=\"yoast-schema-graph\">{\"@context\":\"https:\/\/schema.org\",\"@graph\":[{\"@type\":\"WebPage\",\"@id\":\"http:\/\/kho3.khomaudeprt.com\/mocchau\/?page_id=197\",\"url\":\"http:\/\/kho3.khomaudeprt.com\/mocchau\/?page_id=197\",\"name\":\"Li\u00ean h\u1ec7 - Tr\u01b0\u1eddng h\u1ecdc RT\",\"isPartOf\":{\"@id\":\"http:\/\/kho3.khomaudeprt.com\/mocchau\/#website\"},\"datePublished\":\"2019-04-08T09:40:50+00:00\",\"dateModified\":\"2021-09-08T00:22:48+00:00\",\"breadcrumb\":{\"@id\":\"http:\/\/kho3.khomaudeprt.com\/mocchau\/?page_id=197#breadcrumb\"},\"inLanguage\":\"vi\",\"potentialAction\":[{\"@type\":\"ReadAction\",\"target\":[\"http:\/\/kho3.khomaudeprt.com\/mocchau\/?page_id=197\"]}]},{\"@type\":\"BreadcrumbList\",\"@id\":\"http:\/\/kho3.khomaudeprt.com\/mocchau\/?page_id=197#breadcrumb\",\"itemListElement\":[{\"@type\":\"ListItem\",\"position\":1,\"name\":\"Trang ch\u1ee7\",\"item\":\"http:\/\/kho3.khomaudeprt.com\/mocchau\/\"},{\"@type\":\"ListItem\",\"position\":2,\"name\":\"Li\u00ean h\u1ec7\"}]},{\"@type\":\"WebSite\",\"@id\":\"http:\/\/kho3.khomaudeprt.com\/mocchau\/#website\",\"url\":\"http:\/\/kho3.khomaudeprt.com\/mocchau\/\",\"name\":\"Tr\u01b0\u1eddng h\u1ecdc RT\",\"description\":\"\",\"potentialAction\":[{\"@type\":\"SearchAction\",\"target\":{\"@type\":\"EntryPoint\",\"urlTemplate\":\"http:\/\/kho3.khomaudeprt.com\/mocchau\/?s={search_term_string}\"},\"query-input\":\"required name=search_term_string\"}],\"inLanguage\":\"vi\"}]}<\/script>\n<!-- \/ Yoast SEO plugin. -->","yoast_head_json":{"title":"Li\u00ean h\u1ec7 - Tr\u01b0\u1eddng h\u1ecdc RT","robots":{"index":"index","follow":"follow","max-snippet":"max-snippet:-1","max-image-preview":"max-image-preview:large","max-video-preview":"max-video-preview:-1"},"canonical":"http:\/\/kho3.khomaudeprt.com\/mocchau\/?page_id=197","og_locale":"vi_VN","og_type":"article","og_title":"Li\u00ean h\u1ec7 - Tr\u01b0\u1eddng h\u1ecdc RT","og_url":"http:\/\/kho3.khomaudeprt.com\/mocchau\/?page_id=197","og_site_name":"Tr\u01b0\u1eddng h\u1ecdc RT","article_modified_time":"2021-09-08T00:22:48+00:00","twitter_card":"summary_large_image","twitter_misc":{"\u01af\u1edbc t\u00ednh th\u1eddi gian \u0111\u1ecdc":"1 ph\u00fat"},"schema":{"@context":"https:\/\/schema.org","@graph":[{"@type":"WebPage","@id":"http:\/\/kho3.khomaudeprt.com\/mocchau\/?page_id=197","url":"http:\/\/kho3.khomaudeprt.com\/mocchau\/?page_id=197","name":"Li\u00ean h\u1ec7 - Tr\u01b0\u1eddng h\u1ecdc RT","isPartOf":{"@id":"http:\/\/kho3.khomaudeprt.com\/mocchau\/#website"},"datePublished":"2019-04-08T09:40:50+00:00","dateModified":"2021-09-08T00:22:48+00:00","breadcrumb":{"@id":"http:\/\/kho3.khomaudeprt.com\/mocchau\/?page_id=197#breadcrumb"},"inLanguage":"vi","potentialAction":[{"@type":"ReadAction","target":["http:\/\/kho3.khomaudeprt.com\/mocchau\/?page_id=197"]}]},{"@type":"BreadcrumbList","@id":"http:\/\/kho3.khomaudeprt.com\/mocchau\/?page_id=197#breadcrumb","itemListElement":[{"@type":"ListItem","position":1,"name":"Trang ch\u1ee7","item":"http:\/\/kho3.khomaudeprt.com\/mocchau\/"},{"@type":"ListItem","position":2,"name":"Li\u00ean h\u1ec7"}]},{"@type":"WebSite","@id":"http:\/\/kho3.khomaudeprt.com\/mocchau\/#website","url":"http:\/\/kho3.khomaudeprt.com\/mocchau\/","name":"Tr\u01b0\u1eddng h\u1ecdc RT","description":"","potentialAction":[{"@type":"SearchAction","target":{"@type":"EntryPoint","urlTemplate":"http:\/\/kho3.khomaudeprt.com\/mocchau\/?s={search_term_string}"},"query-input":"required name=search_term_string"}],"inLanguage":"vi"}]}},"_links":{"self":[{"href":"http:\/\/kho3.khomaudeprt.com\/mocchau\/index.php?rest_route=\/wp\/v2\/pages\/197"}],"collection":[{"href":"http:\/\/kho3.khomaudeprt.com\/mocchau\/index.php?rest_route=\/wp\/v2\/pages"}],"about":[{"href":"http:\/\/kho3.khomaudeprt.com\/mocchau\/index.php?rest_route=\/wp\/v2\/types\/page"}],"author":[{"embeddable":true,"href":"http:\/\/kho3.khomaudeprt.com\/mocchau\/index.php?rest_route=\/wp\/v2\/users\/1"}],"replies":[{"embeddable":true,"href":"http:\/\/kho3.khomaudeprt.com\/mocchau\/index.php?rest_route=%2Fwp%2Fv2%2Fcomments&post=197"}],"version-history":[{"count":3,"href":"http:\/\/kho3.khomaudeprt.com\/mocchau\/index.php?rest_route=\/wp\/v2\/pages\/197\/revisions"}],"predecessor-version":[{"id":574,"href":"http:\/\/kho3.khomaudeprt.com\/mocchau\/index.php?rest_route=\/wp\/v2\/pages\/197\/revisions\/574"}],"wp:attachment":[{"href":"http:\/\/kho3.khomaudeprt.com\/mocchau\/index.php?rest_route=%2Fwp%2Fv2%2Fmedia&parent=197"}],"curies":[{"name":"wp","href":"https:\/\/api.w.org\/{rel}","templated":true}]}}