{"id":137,"date":"2019-01-09T04:17:47","date_gmt":"2019-01-09T04:17:47","guid":{"rendered":"http:\/\/vincitysportia-taymo-sth.com\/?page_id=137"},"modified":"2021-05-26T09:40:37","modified_gmt":"2021-05-26T09:40:37","slug":"lien-he","status":"publish","type":"page","link":"http:\/\/kho3.khomaudeprt.com\/vglands\/?page_id=137","title":{"rendered":"Li\u00ean h\u1ec7"},"content":{"rendered":"<p><img loading=\"lazy\" class=\"alignnone size-full wp-image-188\" src=\"http:\/\/kho3.khomaudeprt.com\/vglands\/wp-content\/uploads\/2021\/05\/logo.png\" alt=\"\" width=\"240\" height=\"50\" \/><\/p>\n<p><strong>Hotline:<\/strong>\u00a00906.171.917<\/p>\n<p><strong>Email:<\/strong>\u00a0<a href=\"mailto:linhvt.bds@gmail.com\" target=\"_blank\" rel=\"noopener\">linhvt.bds@gmail.com<\/a><\/p>\n<p><strong>Website:<\/strong>\u00a0http:\/\/kho3.khomaudeprt.com\/vglands\/<\/p>\n<div role=\"form\" class=\"wpcf7\" id=\"wpcf7-f67-o1\" lang=\"vi\" dir=\"ltr\">\n<div class=\"screen-reader-response\"><\/div>\n<form action=\"\/vglands\/index.php?rest_route=%2Fwp%2Fv2%2Fpages%2F137#wpcf7-f67-o1\" method=\"post\" class=\"wpcf7-form\" novalidate=\"novalidate\">\n<div style=\"display: none;\">\n<input type=\"hidden\" name=\"_wpcf7\" value=\"67\" \/>\n<input type=\"hidden\" name=\"_wpcf7_version\" value=\"5.1.4\" \/>\n<input type=\"hidden\" name=\"_wpcf7_locale\" value=\"vi\" \/>\n<input type=\"hidden\" name=\"_wpcf7_unit_tag\" value=\"wpcf7-f67-o1\" \/>\n<input type=\"hidden\" name=\"_wpcf7_container_post\" value=\"0\" \/>\n<\/div>\n<p><span class=\"wpcf7-form-control-wrap your-name\"><input type=\"text\" name=\"your-name\" value=\"\" size=\"40\" class=\"wpcf7-form-control wpcf7-text wpcf7-validates-as-required\" aria-required=\"true\" aria-invalid=\"false\" placeholder=\"H\u1ecd v\u00e0 t\u00ean*\" \/><\/span><\/p>\n<p><span class=\"wpcf7-form-control-wrap your-email\"><input type=\"email\" name=\"your-email\" value=\"\" size=\"40\" class=\"wpcf7-form-control wpcf7-text wpcf7-email wpcf7-validates-as-required wpcf7-validates-as-email\" aria-required=\"true\" aria-invalid=\"false\" placeholder=\"Email*\" \/><\/span><\/p>\n<p><span class=\"wpcf7-form-control-wrap your-tel\"><input type=\"tel\" name=\"your-tel\" value=\"\" size=\"40\" class=\"wpcf7-form-control wpcf7-text wpcf7-tel wpcf7-validates-as-required wpcf7-validates-as-tel\" aria-required=\"true\" aria-invalid=\"false\" placeholder=\"S\u1ed1 \u0111i\u1ec7n tho\u1ea1i*\" \/><\/span><\/p>\n<p><span class=\"wpcf7-form-control-wrap textarea-678\"><textarea name=\"textarea-678\" cols=\"40\" rows=\"10\" class=\"wpcf7-form-control wpcf7-textarea\" aria-invalid=\"false\" placeholder=\"N\u1ed9i dung\"><\/textarea><\/span><\/p>\n<p><input type=\"submit\" value=\"\u0110\u0103ng k\u00fd ngay\" class=\"wpcf7-form-control wpcf7-submit\" \/><\/p>\n<div class=\"wpcf7-response-output wpcf7-display-none\"><\/div><\/form><\/div>\n","protected":false},"excerpt":{"rendered":"<p>Hotline:\u00a00906.171.917 Email:\u00a0linhvt.bds@gmail.com Website:\u00a0http:\/\/kho3.khomaudeprt.com\/vglands\/<\/p>\n","protected":false},"author":1,"featured_media":0,"parent":0,"menu_order":0,"comment_status":"closed","ping_status":"closed","template":"page-right-sidebar.php","meta":[],"_links":{"self":[{"href":"http:\/\/kho3.khomaudeprt.com\/vglands\/index.php?rest_route=\/wp\/v2\/pages\/137"}],"collection":[{"href":"http:\/\/kho3.khomaudeprt.com\/vglands\/index.php?rest_route=\/wp\/v2\/pages"}],"about":[{"href":"http:\/\/kho3.khomaudeprt.com\/vglands\/index.php?rest_route=\/wp\/v2\/types\/page"}],"author":[{"embeddable":true,"href":"http:\/\/kho3.khomaudeprt.com\/vglands\/index.php?rest_route=\/wp\/v2\/users\/1"}],"replies":[{"embeddable":true,"href":"http:\/\/kho3.khomaudeprt.com\/vglands\/index.php?rest_route=%2Fwp%2Fv2%2Fcomments&post=137"}],"version-history":[{"count":2,"href":"http:\/\/kho3.khomaudeprt.com\/vglands\/index.php?rest_route=\/wp\/v2\/pages\/137\/revisions"}],"predecessor-version":[{"id":438,"href":"http:\/\/kho3.khomaudeprt.com\/vglands\/index.php?rest_route=\/wp\/v2\/pages\/137\/revisions\/438"}],"wp:attachment":[{"href":"http:\/\/kho3.khomaudeprt.com\/vglands\/index.php?rest_route=%2Fwp%2Fv2%2Fmedia&parent=137"}],"curies":[{"name":"wp","href":"https:\/\/api.w.org\/{rel}","templated":true}]}}